{"id":883,"date":"2023-10-28T01:37:56","date_gmt":"2023-10-28T01:37:56","guid":{"rendered":"https:\/\/asalusa.us\/prestamos\/"},"modified":"2024-01-23T21:55:27","modified_gmt":"2024-01-23T21:55:27","slug":"prestamos","status":"publish","type":"page","link":"https:\/\/asalusa.com\/es\/prestamos\/","title":{"rendered":"Pr\u00e9stamos"},"content":{"rendered":"\t\t<div data-elementor-type=\"wp-page\" data-elementor-id=\"883\" class=\"elementor elementor-883\" data-elementor-post-type=\"page\">\n\t\t\t\t<div class=\"elementor-element elementor-element-5ebb824 e-flex e-con-boxed e-con e-parent\" data-id=\"5ebb824\" data-element_type=\"container\" data-e-type=\"container\">\n\t\t\t\t\t<div class=\"e-con-inner\">\n\t\t<div class=\"elementor-element elementor-element-3a6f5c0 e-con-full e-flex e-con e-child\" data-id=\"3a6f5c0\" data-element_type=\"container\" data-e-type=\"container\">\n\t\t\t\t<div class=\"elementor-element elementor-element-343010c elementor-widget elementor-widget-heading\" data-id=\"343010c\" data-element_type=\"widget\" data-e-type=\"widget\" data-widget_type=\"heading.default\">\n\t\t\t\t<div class=\"elementor-widget-container\">\n\t\t\t\t\t<h1 class=\"elementor-heading-title elementor-size-default\">Pr\u00e9stamos<\/h1>\t\t\t\t<\/div>\n\t\t\t\t<\/div>\n\t\t\t\t<div class=\"elementor-element elementor-element-4fc8fb1 elementor-widget elementor-widget-heading\" data-id=\"4fc8fb1\" data-element_type=\"widget\" data-e-type=\"widget\" data-widget_type=\"heading.default\">\n\t\t\t\t<div class=\"elementor-widget-container\">\n\t\t\t\t\t<h2 class=\"elementor-heading-title elementor-size-default\">\"Sobrellevad los unos las cargas de los otros, y cumplid as\u00ed la ley de Cristo\". G\u00e1latas 6:2<\/h2>\t\t\t\t<\/div>\n\t\t\t\t<\/div>\n\t\t\t\t<div class=\"elementor-element elementor-element-2cc9513 elementor-widget elementor-widget-text-editor\" data-id=\"2cc9513\" data-element_type=\"widget\" data-e-type=\"widget\" data-widget_type=\"text-editor.default\">\n\t\t\t\t<div class=\"elementor-widget-container\">\n\t\t\t\t\t\t\t\t\t<p>Los pr\u00e9stamos de ASAL benefician una amplia gama de actividades empresariales y se basan en la solidez de la cartera de pr\u00e9stamos. Las tasas de inter\u00e9s var\u00edan en funci\u00f3n del tipo de pr\u00e9stamo.<\/p>\t\t\t\t\t\t\t\t<\/div>\n\t\t\t\t<\/div>\n\t\t\t\t<div class=\"elementor-element elementor-element-b2c2f38 elementor-widget elementor-widget-button\" data-id=\"b2c2f38\" data-element_type=\"widget\" data-e-type=\"widget\" data-widget_type=\"button.default\">\n\t\t\t\t<div class=\"elementor-widget-container\">\n\t\t\t\t\t\t\t\t\t<div class=\"elementor-button-wrapper\">\n\t\t\t\t\t<a class=\"elementor-button elementor-button-link elementor-size-sm\" href=\"https:\/\/asalusa.com\/es\/contactenos\/\">\n\t\t\t\t\t\t<span class=\"elementor-button-content-wrapper\">\n\t\t\t\t\t\t\t\t\t<span class=\"elementor-button-text\">Cont\u00e1ctenos<\/span>\n\t\t\t\t\t<\/span>\n\t\t\t\t\t<\/a>\n\t\t\t\t<\/div>\n\t\t\t\t\t\t\t\t<\/div>\n\t\t\t\t<\/div>\n\t\t\t\t<\/div>\n\t\t<div class=\"elementor-element elementor-element-feb7ef3 e-con-full e-flex e-con e-child\" data-id=\"feb7ef3\" data-element_type=\"container\" data-e-type=\"container\" data-settings=\"{&quot;background_background&quot;:&quot;classic&quot;}\">\n\t\t\t\t<\/div>\n\t\t\t\t\t<\/div>\n\t\t\t\t<\/div>\n\t\t<div class=\"elementor-element elementor-element-1a0528f e-flex e-con-boxed e-con e-parent\" data-id=\"1a0528f\" data-element_type=\"container\" data-e-type=\"container\">\n\t\t\t\t\t<div class=\"e-con-inner\">\n\t\t<div class=\"elementor-element elementor-element-97f4fe8 e-con-full e-flex e-con e-child\" data-id=\"97f4fe8\" data-element_type=\"container\" data-e-type=\"container\">\n\t\t\t\t<div class=\"elementor-element elementor-element-197a7cc elementor-widget elementor-widget-image\" data-id=\"197a7cc\" data-element_type=\"widget\" data-e-type=\"widget\" data-widget_type=\"image.default\">\n\t\t\t\t<div class=\"elementor-widget-container\">\n\t\t\t\t\t\t\t\t\t\t\t\t\t\t\t\t<a href=\"https:\/\/www.asalusa.com\/wp-content\/uploads\/2023\/12\/Coaching-Model-spanish-1.png\" data-elementor-open-lightbox=\"yes\" data-elementor-lightbox-title=\"Coaching-Model-spanish (1)\" data-e-action-hash=\"#elementor-action%3Aaction%3Dlightbox%26settings%3DeyJpZCI6OTI0LCJ1cmwiOiJodHRwczpcL1wvYXNhbHVzYS5jb21cL3dwLWNvbnRlbnRcL3VwbG9hZHNcLzIwMjNcLzEyXC9Db2FjaGluZy1Nb2RlbC1zcGFuaXNoLTEucG5nIn0%3D\">\n\t\t\t\t\t\t\t<img fetchpriority=\"high\" decoding=\"async\" width=\"1024\" height=\"873\" src=\"https:\/\/asalusa.com\/wp-content\/uploads\/2023\/12\/Coaching-Model-spanish-1-1024x873.png\" class=\"attachment-large size-large wp-image-924\" alt=\"\" srcset=\"https:\/\/asalusa.com\/wp-content\/uploads\/2023\/12\/Coaching-Model-spanish-1-1024x873.png 1024w, https:\/\/asalusa.com\/wp-content\/uploads\/2023\/12\/Coaching-Model-spanish-1-300x256.png 300w, https:\/\/asalusa.com\/wp-content\/uploads\/2023\/12\/Coaching-Model-spanish-1-768x655.png 768w, https:\/\/asalusa.com\/wp-content\/uploads\/2023\/12\/Coaching-Model-spanish-1-1536x1309.png 1536w, https:\/\/asalusa.com\/wp-content\/uploads\/2023\/12\/Coaching-Model-spanish-1-2048x1746.png 2048w\" sizes=\"(max-width: 1024px) 100vw, 1024px\" title=\"Coaching-Model-spanish (1) - ASAL\" \/>\t\t\t\t\t\t\t\t<\/a>\n\t\t\t\t\t\t\t\t\t\t\t\t\t\t\t<\/div>\n\t\t\t\t<\/div>\n\t\t\t\t<\/div>\n\t\t\t\t\t<\/div>\n\t\t\t\t<\/div>\n\t\t<div class=\"elementor-element elementor-element-c71aca8 e-flex e-con-boxed e-con e-parent\" data-id=\"c71aca8\" data-element_type=\"container\" data-e-type=\"container\">\n\t\t\t\t\t<div class=\"e-con-inner\">\n\t\t<div class=\"elementor-element elementor-element-0318be1 e-con-full e-flex e-con e-child\" data-id=\"0318be1\" data-element_type=\"container\" data-e-type=\"container\">\n\t\t\t\t<div class=\"elementor-element elementor-element-4bfddb4 elementor-widget elementor-widget-heading\" data-id=\"4bfddb4\" data-element_type=\"widget\" data-e-type=\"widget\" data-widget_type=\"heading.default\">\n\t\t\t\t<div class=\"elementor-widget-container\">\n\t\t\t\t\t<h1 class=\"elementor-heading-title elementor-size-default\">\u00bfCu\u00e1l pr\u00e9stamo le conviene?\n<\/h1>\t\t\t\t<\/div>\n\t\t\t\t<\/div>\n\t\t\t\t<div class=\"elementor-element elementor-element-df25dd3 elementor-widget elementor-widget-heading\" data-id=\"df25dd3\" data-element_type=\"widget\" data-e-type=\"widget\" data-widget_type=\"heading.default\">\n\t\t\t\t<div class=\"elementor-widget-container\">\n\t\t\t\t\t<h5 class=\"elementor-heading-title elementor-size-default\">Riesgo crediticio y tipos de pr\u00e9stamos de ASAL<\/h5>\t\t\t\t<\/div>\n\t\t\t\t<\/div>\n\t\t\t\t<div class=\"elementor-element elementor-element-5bbbd4f elementor-widget elementor-widget-text-editor\" data-id=\"5bbbd4f\" data-element_type=\"widget\" data-e-type=\"widget\" data-widget_type=\"text-editor.default\">\n\t\t\t\t<div class=\"elementor-widget-container\">\n\t\t\t\t\t\t\t\t\t<p>ASAL EE.UU. pone capital a disposici\u00f3n de ASAL Internacional a trav\u00e9s de pr\u00e9stamos a las empresas locales ASAL de Ahorro y Pr\u00e9stamo en cada pa\u00eds donde opera. Por ejemplo, ASAL Costa Rica S.A. es una empresa de Ahorro y Pr\u00e9stamo registrada en Costa Rica. Los pr\u00e9stamos de ASAL USA a ASAL (pa\u00eds) se basan en la solidez de la cartera de pr\u00e9stamos (mayor o menor riesgo crediticio). La mayor\u00eda de los pr\u00e9stamos estar\u00e1n respaldados por activos, con un apalancamiento medio no superior al 80%.ASAL combina mentores y entrenamiento con los pr\u00e9stamos para aumentar la efectividad y mitigar los riesgos. Para cada pr\u00e9stamo es asignado un entrenador certificado por ASAL para asistir en el cumplimiento de los requisitos del pr\u00e9stamo y monitorear la cooperaci\u00f3n hasta que se haya cumplido el plazo del pr\u00e9stamo.<\/p>\t\t\t\t\t\t\t\t<\/div>\n\t\t\t\t<\/div>\n\t\t\t\t<\/div>\n\t\t<div class=\"elementor-element elementor-element-61a3614 e-con-full e-flex e-con e-child\" data-id=\"61a3614\" data-element_type=\"container\" data-e-type=\"container\">\n\t\t\t\t<div class=\"elementor-element elementor-element-ae181ce elementor-widget elementor-widget-image\" data-id=\"ae181ce\" data-element_type=\"widget\" data-e-type=\"widget\" data-widget_type=\"image.default\">\n\t\t\t\t<div class=\"elementor-widget-container\">\n\t\t\t\t\t\t\t\t\t\t\t\t\t\t\t<img decoding=\"async\" width=\"870\" height=\"402\" src=\"https:\/\/asalusa.com\/wp-content\/uploads\/2023\/12\/iStock-1410323459.jpg\" class=\"attachment-large size-large wp-image-1022\" alt=\"\" srcset=\"https:\/\/asalusa.com\/wp-content\/uploads\/2023\/12\/iStock-1410323459.jpg 870w, https:\/\/asalusa.com\/wp-content\/uploads\/2023\/12\/iStock-1410323459-300x139.jpg 300w, https:\/\/asalusa.com\/wp-content\/uploads\/2023\/12\/iStock-1410323459-768x355.jpg 768w\" sizes=\"(max-width: 870px) 100vw, 870px\" title=\"iStock-1410323459.jpg - ASAL\" \/>\t\t\t\t\t\t\t\t\t\t\t\t\t\t\t<\/div>\n\t\t\t\t<\/div>\n\t\t\t\t<\/div>\n\t\t\t\t\t<\/div>\n\t\t\t\t<\/div>\n\t\t\t\t<\/div>\n\t\t","protected":false},"excerpt":{"rendered":"<p>Pr\u00e9stamos \u00abSobrellevad los unos las cargas de los otros, y cumplid as\u00ed la ley de Cristo\u00bb. G\u00e1latas 6:2 Los pr\u00e9stamos de ASAL benefician una amplia gama de actividades empresariales y se basan en la solidez de la cartera de pr\u00e9stamos. Las tasas de inter\u00e9s var\u00edan en funci\u00f3n del tipo de pr\u00e9stamo. Cont\u00e1ctenos \u00bfCu\u00e1l pr\u00e9stamo le [&hellip;]<\/p>\n","protected":false},"author":1,"featured_media":0,"parent":0,"menu_order":0,"comment_status":"closed","ping_status":"closed","template":"","meta":{"content-type":"","om_disable_all_campaigns":false,"site-sidebar-layout":"no-sidebar","site-content-layout":"","ast-site-content-layout":"default","site-content-style":"default","site-sidebar-style":"default","ast-global-header-display":"","ast-banner-title-visibility":"","ast-main-header-display":"","ast-hfb-above-header-display":"","ast-hfb-below-header-display":"","ast-hfb-mobile-header-display":"","site-post-title":"disabled","ast-breadcrumbs-content":"","ast-featured-img":"disabled","footer-sml-layout":"","ast-disable-related-posts":"","theme-transparent-header-meta":"","adv-header-id-meta":"","stick-header-meta":"","header-above-stick-meta":"","header-main-stick-meta":"","header-below-stick-meta":"","astra-migrate-meta-layouts":"default","ast-page-background-enabled":"default","ast-page-background-meta":{"desktop":{"background-color":"var(--ast-global-color-4)","background-image":"","background-repeat":"repeat","background-position":"center center","background-size":"auto","background-attachment":"scroll","background-type":"","background-media":"","overlay-type":"","overlay-color":"","overlay-opacity":"","overlay-gradient":""},"tablet":{"background-color":"","background-image":"","background-repeat":"repeat","background-position":"center center","background-size":"auto","background-attachment":"scroll","background-type":"","background-media":"","overlay-type":"","overlay-color":"","overlay-opacity":"","overlay-gradient":""},"mobile":{"background-color":"","background-image":"","background-repeat":"repeat","background-position":"center center","background-size":"auto","background-attachment":"scroll","background-type":"","background-media":"","overlay-type":"","overlay-color":"","overlay-opacity":"","overlay-gradient":""}},"ast-content-background-meta":{"desktop":{"background-color":"var(--ast-global-color-5)","background-image":"","background-repeat":"repeat","background-position":"center center","background-size":"auto","background-attachment":"scroll","background-type":"","background-media":"","overlay-type":"","overlay-color":"","overlay-opacity":"","overlay-gradient":""},"tablet":{"background-color":"var(--ast-global-color-5)","background-image":"","background-repeat":"repeat","background-position":"center center","background-size":"auto","background-attachment":"scroll","background-type":"","background-media":"","overlay-type":"","overlay-color":"","overlay-opacity":"","overlay-gradient":""},"mobile":{"background-color":"var(--ast-global-color-5)","background-image":"","background-repeat":"repeat","background-position":"center center","background-size":"auto","background-attachment":"scroll","background-type":"","background-media":"","overlay-type":"","overlay-color":"","overlay-opacity":"","overlay-gradient":""}},"footnotes":""},"class_list":["post-883","page","type-page","status-publish","hentry"],"aioseo_notices":[],"aioseo_head":"\n\t\t<!-- All in One SEO Pro 4.9.5.2 - aioseo.com -->\n\t<meta name=\"description\" content=\"Pr\u00e9stamos &quot;Sobrellevad los unos las cargas de los otros, y cumplid as\u00ed la ley de Cristo&quot;. G\u00e1latas 6:2 Los pr\u00e9stamos de ASAL benefician una amplia gama de actividades empresariales y se basan en la solidez de la cartera de pr\u00e9stamos. Las tasas de inter\u00e9s var\u00edan en funci\u00f3n del tipo de pr\u00e9stamo. Cont\u00e1ctenos \u00bfCu\u00e1l pr\u00e9stamo le\" \/>\n\t<meta name=\"robots\" content=\"max-image-preview:large\" \/>\n\t<link rel=\"canonical\" href=\"https:\/\/asalusa.com\/es\/prestamos\/\" \/>\n\t<meta name=\"generator\" content=\"All in One SEO Pro (AIOSEO) 4.9.5.2\" \/>\n\t\t<meta property=\"og:locale\" content=\"es_ES\" \/>\n\t\t<meta property=\"og:site_name\" content=\"ASAL -\" \/>\n\t\t<meta property=\"og:type\" content=\"article\" \/>\n\t\t<meta property=\"og:title\" content=\"Pr\u00e9stamos - ASAL\" \/>\n\t\t<meta property=\"og:description\" content=\"Pr\u00e9stamos &quot;Sobrellevad los unos las cargas de los otros, y cumplid as\u00ed la ley de Cristo&quot;. G\u00e1latas 6:2 Los pr\u00e9stamos de ASAL benefician una amplia gama de actividades empresariales y se basan en la solidez de la cartera de pr\u00e9stamos. Las tasas de inter\u00e9s var\u00edan en funci\u00f3n del tipo de pr\u00e9stamo. Cont\u00e1ctenos \u00bfCu\u00e1l pr\u00e9stamo le\" \/>\n\t\t<meta property=\"og:url\" content=\"https:\/\/asalusa.com\/es\/prestamos\/\" \/>\n\t\t<meta property=\"og:image\" content=\"https:\/\/asalusa.com\/wp-content\/uploads\/2023\/10\/cropped-ASAL-300.png\" \/>\n\t\t<meta property=\"og:image:secure_url\" content=\"https:\/\/asalusa.com\/wp-content\/uploads\/2023\/10\/cropped-ASAL-300.png\" \/>\n\t\t<meta property=\"article:published_time\" content=\"2023-10-28T01:37:56+00:00\" \/>\n\t\t<meta property=\"article:modified_time\" content=\"2024-01-23T21:55:27+00:00\" \/>\n\t\t<meta name=\"twitter:card\" content=\"summary_large_image\" \/>\n\t\t<meta name=\"twitter:title\" content=\"Pr\u00e9stamos - ASAL\" \/>\n\t\t<meta name=\"twitter:description\" content=\"Pr\u00e9stamos &quot;Sobrellevad los unos las cargas de los otros, y cumplid as\u00ed la ley de Cristo&quot;. G\u00e1latas 6:2 Los pr\u00e9stamos de ASAL benefician una amplia gama de actividades empresariales y se basan en la solidez de la cartera de pr\u00e9stamos. Las tasas de inter\u00e9s var\u00edan en funci\u00f3n del tipo de pr\u00e9stamo. Cont\u00e1ctenos \u00bfCu\u00e1l pr\u00e9stamo le\" \/>\n\t\t<meta name=\"twitter:image\" content=\"https:\/\/asalusa.com\/wp-content\/uploads\/2023\/10\/cropped-ASAL-300.png\" \/>\n\t\t<script type=\"application\/ld+json\" class=\"aioseo-schema\">\n\t\t\t{\"@context\":\"https:\\\/\\\/schema.org\",\"@graph\":[{\"@type\":\"BreadcrumbList\",\"@id\":\"https:\\\/\\\/asalusa.com\\\/es\\\/prestamos\\\/#breadcrumblist\",\"itemListElement\":[{\"@type\":\"ListItem\",\"@id\":\"https:\\\/\\\/asalusa.com\\\/es\\\/#listItem\",\"position\":1,\"name\":\"Home\",\"item\":\"https:\\\/\\\/asalusa.com\\\/es\\\/\",\"nextItem\":{\"@type\":\"ListItem\",\"@id\":\"https:\\\/\\\/asalusa.com\\\/es\\\/prestamos\\\/#listItem\",\"name\":\"Pr\\u00e9stamos\"}},{\"@type\":\"ListItem\",\"@id\":\"https:\\\/\\\/asalusa.com\\\/es\\\/prestamos\\\/#listItem\",\"position\":2,\"name\":\"Pr\\u00e9stamos\",\"previousItem\":{\"@type\":\"ListItem\",\"@id\":\"https:\\\/\\\/asalusa.com\\\/es\\\/#listItem\",\"name\":\"Home\"}}]},{\"@type\":\"Organization\",\"@id\":\"https:\\\/\\\/asalusa.com\\\/es\\\/#organization\",\"name\":\"ASAL\",\"url\":\"https:\\\/\\\/asalusa.com\\\/es\\\/\",\"logo\":{\"@type\":\"ImageObject\",\"url\":\"https:\\\/\\\/asalusa.com\\\/wp-content\\\/uploads\\\/2023\\\/10\\\/cropped-ASAL-300.png\",\"@id\":\"https:\\\/\\\/asalusa.com\\\/es\\\/prestamos\\\/#organizationLogo\",\"width\":350,\"height\":159},\"image\":{\"@id\":\"https:\\\/\\\/asalusa.com\\\/es\\\/prestamos\\\/#organizationLogo\"}},{\"@type\":\"WebPage\",\"@id\":\"https:\\\/\\\/asalusa.com\\\/es\\\/prestamos\\\/#webpage\",\"url\":\"https:\\\/\\\/asalusa.com\\\/es\\\/prestamos\\\/\",\"name\":\"Pr\\u00e9stamos - ASAL\",\"description\":\"Pr\\u00e9stamos \\\"Sobrellevad los unos las cargas de los otros, y cumplid as\\u00ed la ley de Cristo\\\". G\\u00e1latas 6:2 Los pr\\u00e9stamos de ASAL benefician una amplia gama de actividades empresariales y se basan en la solidez de la cartera de pr\\u00e9stamos. Las tasas de inter\\u00e9s var\\u00edan en funci\\u00f3n del tipo de pr\\u00e9stamo. Cont\\u00e1ctenos \\u00bfCu\\u00e1l pr\\u00e9stamo le\",\"inLanguage\":\"es-ES\",\"isPartOf\":{\"@id\":\"https:\\\/\\\/asalusa.com\\\/es\\\/#website\"},\"breadcrumb\":{\"@id\":\"https:\\\/\\\/asalusa.com\\\/es\\\/prestamos\\\/#breadcrumblist\"},\"datePublished\":\"2023-10-28T01:37:56+00:00\",\"dateModified\":\"2024-01-23T21:55:27+00:00\"},{\"@type\":\"WebSite\",\"@id\":\"https:\\\/\\\/asalusa.com\\\/es\\\/#website\",\"url\":\"https:\\\/\\\/asalusa.com\\\/es\\\/\",\"name\":\"ASAL\",\"inLanguage\":\"es-ES\",\"publisher\":{\"@id\":\"https:\\\/\\\/asalusa.com\\\/es\\\/#organization\"}}]}\n\t\t<\/script>\n\t\t<!-- All in One SEO Pro -->\r\n\t\t<title>Pr\u00e9stamos - ASAL<\/title>\n\n","aioseo_head_json":{"title":"Pr\u00e9stamos - ASAL","description":"Pr\u00e9stamos \"Sobrellevad los unos las cargas de los otros, y cumplid as\u00ed la ley de Cristo\". G\u00e1latas 6:2 Los pr\u00e9stamos de ASAL benefician una amplia gama de actividades empresariales y se basan en la solidez de la cartera de pr\u00e9stamos. Las tasas de inter\u00e9s var\u00edan en funci\u00f3n del tipo de pr\u00e9stamo. Cont\u00e1ctenos \u00bfCu\u00e1l pr\u00e9stamo le","canonical_url":"https:\/\/asalusa.com\/es\/prestamos\/","robots":"max-image-preview:large","keywords":"","webmasterTools":{"miscellaneous":""},"schema":{"@context":"https:\/\/schema.org","@graph":[{"@type":"BreadcrumbList","@id":"https:\/\/asalusa.com\/es\/prestamos\/#breadcrumblist","itemListElement":[{"@type":"ListItem","@id":"https:\/\/asalusa.com\/es\/#listItem","position":1,"name":"Home","item":"https:\/\/asalusa.com\/es\/","nextItem":{"@type":"ListItem","@id":"https:\/\/asalusa.com\/es\/prestamos\/#listItem","name":"Pr\u00e9stamos"}},{"@type":"ListItem","@id":"https:\/\/asalusa.com\/es\/prestamos\/#listItem","position":2,"name":"Pr\u00e9stamos","previousItem":{"@type":"ListItem","@id":"https:\/\/asalusa.com\/es\/#listItem","name":"Home"}}]},{"@type":"Organization","@id":"https:\/\/asalusa.com\/es\/#organization","name":"ASAL","url":"https:\/\/asalusa.com\/es\/","logo":{"@type":"ImageObject","url":"https:\/\/asalusa.com\/wp-content\/uploads\/2023\/10\/cropped-ASAL-300.png","@id":"https:\/\/asalusa.com\/es\/prestamos\/#organizationLogo","width":350,"height":159},"image":{"@id":"https:\/\/asalusa.com\/es\/prestamos\/#organizationLogo"}},{"@type":"WebPage","@id":"https:\/\/asalusa.com\/es\/prestamos\/#webpage","url":"https:\/\/asalusa.com\/es\/prestamos\/","name":"Pr\u00e9stamos - ASAL","description":"Pr\u00e9stamos \"Sobrellevad los unos las cargas de los otros, y cumplid as\u00ed la ley de Cristo\". G\u00e1latas 6:2 Los pr\u00e9stamos de ASAL benefician una amplia gama de actividades empresariales y se basan en la solidez de la cartera de pr\u00e9stamos. Las tasas de inter\u00e9s var\u00edan en funci\u00f3n del tipo de pr\u00e9stamo. Cont\u00e1ctenos \u00bfCu\u00e1l pr\u00e9stamo le","inLanguage":"es-ES","isPartOf":{"@id":"https:\/\/asalusa.com\/es\/#website"},"breadcrumb":{"@id":"https:\/\/asalusa.com\/es\/prestamos\/#breadcrumblist"},"datePublished":"2023-10-28T01:37:56+00:00","dateModified":"2024-01-23T21:55:27+00:00"},{"@type":"WebSite","@id":"https:\/\/asalusa.com\/es\/#website","url":"https:\/\/asalusa.com\/es\/","name":"ASAL","inLanguage":"es-ES","publisher":{"@id":"https:\/\/asalusa.com\/es\/#organization"}}]},"og:locale":"es_ES","og:site_name":"ASAL -","og:type":"article","og:title":"Pr\u00e9stamos - ASAL","og:description":"Pr\u00e9stamos &quot;Sobrellevad los unos las cargas de los otros, y cumplid as\u00ed la ley de Cristo&quot;. G\u00e1latas 6:2 Los pr\u00e9stamos de ASAL benefician una amplia gama de actividades empresariales y se basan en la solidez de la cartera de pr\u00e9stamos. Las tasas de inter\u00e9s var\u00edan en funci\u00f3n del tipo de pr\u00e9stamo. Cont\u00e1ctenos \u00bfCu\u00e1l pr\u00e9stamo le","og:url":"https:\/\/asalusa.com\/es\/prestamos\/","og:image":"https:\/\/asalusa.com\/wp-content\/uploads\/2023\/10\/cropped-ASAL-300.png","og:image:secure_url":"https:\/\/asalusa.com\/wp-content\/uploads\/2023\/10\/cropped-ASAL-300.png","article:published_time":"2023-10-28T01:37:56+00:00","article:modified_time":"2024-01-23T21:55:27+00:00","twitter:card":"summary_large_image","twitter:title":"Pr\u00e9stamos - ASAL","twitter:description":"Pr\u00e9stamos &quot;Sobrellevad los unos las cargas de los otros, y cumplid as\u00ed la ley de Cristo&quot;. G\u00e1latas 6:2 Los pr\u00e9stamos de ASAL benefician una amplia gama de actividades empresariales y se basan en la solidez de la cartera de pr\u00e9stamos. Las tasas de inter\u00e9s var\u00edan en funci\u00f3n del tipo de pr\u00e9stamo. Cont\u00e1ctenos \u00bfCu\u00e1l pr\u00e9stamo le","twitter:image":"https:\/\/asalusa.com\/wp-content\/uploads\/2023\/10\/cropped-ASAL-300.png"},"aioseo_meta_data":{"post_id":"883","title":null,"description":null,"keywords":null,"keyphrases":null,"primary_term":null,"canonical_url":null,"og_title":null,"og_description":null,"og_object_type":"default","og_image_type":"default","og_image_url":null,"og_image_width":null,"og_image_height":null,"og_image_custom_url":null,"og_image_custom_fields":null,"og_video":null,"og_custom_url":null,"og_article_section":null,"og_article_tags":null,"twitter_use_og":false,"twitter_card":"default","twitter_image_type":"default","twitter_image_url":null,"twitter_image_custom_url":null,"twitter_image_custom_fields":null,"twitter_title":null,"twitter_description":null,"schema":{"blockGraphs":[],"customGraphs":[],"default":{"data":{"Article":[],"Course":[],"Dataset":[],"FAQPage":[],"Movie":[],"Person":[],"Product":[],"ProductReview":[],"Car":[],"Recipe":[],"Service":[],"SoftwareApplication":[],"WebPage":[]},"graphName":"","isEnabled":true},"graphs":[]},"schema_type":"default","schema_type_options":null,"pillar_content":false,"robots_default":true,"robots_noindex":false,"robots_noarchive":false,"robots_nosnippet":false,"robots_nofollow":false,"robots_noimageindex":false,"robots_noodp":false,"robots_notranslate":false,"robots_max_snippet":null,"robots_max_videopreview":null,"robots_max_imagepreview":"large","priority":null,"frequency":null,"local_seo":null,"seo_analyzer_scan_date":"2025-08-15 14:19:57","breadcrumb_settings":null,"limit_modified_date":false,"reviewed_by":null,"open_ai":null,"ai":null,"created":"2024-06-26 15:49:40","updated":"2025-10-21 22:41:54"},"aioseo_breadcrumb":"<div class=\"aioseo-breadcrumbs\"><span class=\"aioseo-breadcrumb\">\n\t<a href=\"https:\/\/asalusa.com\/es\/\" title=\"Home\">Home<\/a>\n<\/span><span class=\"aioseo-breadcrumb-separator\">&raquo;<\/span><span class=\"aioseo-breadcrumb\">\n\tPr\u00e9stamos\n<\/span><\/div>","aioseo_breadcrumb_json":[{"label":"Home","link":"https:\/\/asalusa.com\/es\/"},{"label":"Pr\u00e9stamos","link":"https:\/\/asalusa.com\/es\/prestamos\/"}],"_links":{"self":[{"href":"https:\/\/asalusa.com\/es\/wp-json\/wp\/v2\/pages\/883","targetHints":{"allow":["GET"]}}],"collection":[{"href":"https:\/\/asalusa.com\/es\/wp-json\/wp\/v2\/pages"}],"about":[{"href":"https:\/\/asalusa.com\/es\/wp-json\/wp\/v2\/types\/page"}],"author":[{"embeddable":true,"href":"https:\/\/asalusa.com\/es\/wp-json\/wp\/v2\/users\/1"}],"replies":[{"embeddable":true,"href":"https:\/\/asalusa.com\/es\/wp-json\/wp\/v2\/comments?post=883"}],"version-history":[{"count":5,"href":"https:\/\/asalusa.com\/es\/wp-json\/wp\/v2\/pages\/883\/revisions"}],"predecessor-version":[{"id":1170,"href":"https:\/\/asalusa.com\/es\/wp-json\/wp\/v2\/pages\/883\/revisions\/1170"}],"wp:attachment":[{"href":"https:\/\/asalusa.com\/es\/wp-json\/wp\/v2\/media?parent=883"}],"curies":[{"name":"wp","href":"https:\/\/api.w.org\/{rel}","templated":true}]}}