{"id":873,"date":"2023-10-28T01:37:56","date_gmt":"2023-10-28T01:37:56","guid":{"rendered":"https:\/\/asalusa.us\/pongase-en-contacto-con\/"},"modified":"2024-02-12T16:28:37","modified_gmt":"2024-02-12T16:28:37","slug":"contactenos","status":"publish","type":"page","link":"https:\/\/asalusa.com\/es\/contactenos\/","title":{"rendered":"Cont\u00e1ctenos"},"content":{"rendered":"\t\t<div data-elementor-type=\"wp-page\" data-elementor-id=\"873\" class=\"elementor elementor-873\" data-elementor-post-type=\"page\">\n\t\t\t\t\t\t<section class=\"elementor-section elementor-top-section elementor-element elementor-element-728e6e0 elementor-section-content-middle elementor-section-boxed elementor-section-height-default elementor-section-height-default\" data-id=\"728e6e0\" data-element_type=\"section\" data-e-type=\"section\" data-settings=\"{&quot;background_background&quot;:&quot;classic&quot;}\">\n\t\t\t\t\t\t<div class=\"elementor-container elementor-column-gap-no\">\n\t\t\t\t\t<div class=\"elementor-column elementor-col-50 elementor-top-column elementor-element elementor-element-3c2f864\" data-id=\"3c2f864\" data-element_type=\"column\" data-e-type=\"column\" data-settings=\"{&quot;background_background&quot;:&quot;classic&quot;}\">\n\t\t\t<div class=\"elementor-widget-wrap elementor-element-populated\">\n\t\t\t\t\t<div class=\"elementor-background-overlay\"><\/div>\n\t\t\t\t\t\t<div class=\"elementor-element elementor-element-6683b05 elementor-widget elementor-widget-heading\" data-id=\"6683b05\" data-element_type=\"widget\" data-e-type=\"widget\" data-widget_type=\"heading.default\">\n\t\t\t\t<div class=\"elementor-widget-container\">\n\t\t\t\t\t<h6 class=\"elementor-heading-title elementor-size-default\">Tiene preguntas sobre ASAL...<\/h6>\t\t\t\t<\/div>\n\t\t\t\t<\/div>\n\t\t\t\t<div class=\"elementor-element elementor-element-4584383 elementor-widget elementor-widget-heading\" data-id=\"4584383\" data-element_type=\"widget\" data-e-type=\"widget\" data-widget_type=\"heading.default\">\n\t\t\t\t<div class=\"elementor-widget-container\">\n\t\t\t\t\t<h2 class=\"elementor-heading-title elementor-size-default\">P\u00f3ngase en contacto con nosotros<\/h2>\t\t\t\t<\/div>\n\t\t\t\t<\/div>\n\t\t\t\t<div class=\"elementor-element elementor-element-da0a7df elementor-position-inline-start elementor-widget-tablet__width-inherit elementor-view-default elementor-mobile-position-block-start elementor-widget elementor-widget-icon-box\" data-id=\"da0a7df\" data-element_type=\"widget\" data-e-type=\"widget\" data-widget_type=\"icon-box.default\">\n\t\t\t\t<div class=\"elementor-widget-container\">\n\t\t\t\t\t\t\t<div class=\"elementor-icon-box-wrapper\">\n\n\t\t\t\t\t\t<div class=\"elementor-icon-box-icon\">\n\t\t\t\t<span  class=\"elementor-icon\">\n\t\t\t\t<i aria-hidden=\"true\" class=\"fas fa-map-marker-alt\"><\/i>\t\t\t\t<\/span>\n\t\t\t<\/div>\n\t\t\t\n\t\t\t\t\t\t<div class=\"elementor-icon-box-content\">\n\n\t\t\t\t\t\t\t\t\t<h6 class=\"elementor-icon-box-title\">\n\t\t\t\t\t\t<span  >\n\t\t\t\t\t\t\tNuestra direcci\u00f3n postal\t\t\t\t\t\t<\/span>\n\t\t\t\t\t<\/h6>\n\t\t\t\t\n\t\t\t\t\t\t\t\t\t<p class=\"elementor-icon-box-description\">\n\t\t\t\t\t\t900 McDuff Avenue, Suite 7, Grandview, TX 76050\t\t\t\t\t<\/p>\n\t\t\t\t\n\t\t\t<\/div>\n\t\t\t\n\t\t<\/div>\n\t\t\t\t\t\t<\/div>\n\t\t\t\t<\/div>\n\t\t\t\t<div class=\"elementor-element elementor-element-6fac00e elementor-widget elementor-widget-spacer\" data-id=\"6fac00e\" data-element_type=\"widget\" data-e-type=\"widget\" data-widget_type=\"spacer.default\">\n\t\t\t\t<div class=\"elementor-widget-container\">\n\t\t\t\t\t\t\t<div class=\"elementor-spacer\">\n\t\t\t<div class=\"elementor-spacer-inner\"><\/div>\n\t\t<\/div>\n\t\t\t\t\t\t<\/div>\n\t\t\t\t<\/div>\n\t\t\t\t<div class=\"elementor-element elementor-element-c3fb789 elementor-position-inline-start elementor-widget-tablet__width-inherit elementor-view-default elementor-mobile-position-block-start elementor-widget elementor-widget-icon-box\" data-id=\"c3fb789\" data-element_type=\"widget\" data-e-type=\"widget\" data-widget_type=\"icon-box.default\">\n\t\t\t\t<div class=\"elementor-widget-container\">\n\t\t\t\t\t\t\t<div class=\"elementor-icon-box-wrapper\">\n\n\t\t\t\t\t\t<div class=\"elementor-icon-box-icon\">\n\t\t\t\t<span  class=\"elementor-icon\">\n\t\t\t\t<i aria-hidden=\"true\" class=\"fas fa-store\"><\/i>\t\t\t\t<\/span>\n\t\t\t<\/div>\n\t\t\t\n\t\t\t\t\t\t<div class=\"elementor-icon-box-content\">\n\n\t\t\t\t\t\t\t\t\t<h6 class=\"elementor-icon-box-title\">\n\t\t\t\t\t\t<span  >\n\t\t\t\t\t\t\tP\u00f3ngase en contacto con\t\t\t\t\t\t<\/span>\n\t\t\t\t\t<\/h6>\n\t\t\t\t\n\t\t\t\t\t\t\t\t\t<p class=\"elementor-icon-box-description\">\n\t\t\t\t\t\tCorreo electr\u00f3nico: info@asalusa.com\t\t\t\t\t<\/p>\n\t\t\t\t\n\t\t\t<\/div>\n\t\t\t\n\t\t<\/div>\n\t\t\t\t\t\t<\/div>\n\t\t\t\t<\/div>\n\t\t\t\t<div class=\"elementor-element elementor-element-70a912a elementor-widget elementor-widget-spacer\" data-id=\"70a912a\" data-element_type=\"widget\" data-e-type=\"widget\" data-widget_type=\"spacer.default\">\n\t\t\t\t<div class=\"elementor-widget-container\">\n\t\t\t\t\t\t\t<div class=\"elementor-spacer\">\n\t\t\t<div class=\"elementor-spacer-inner\"><\/div>\n\t\t<\/div>\n\t\t\t\t\t\t<\/div>\n\t\t\t\t<\/div>\n\t\t\t\t<div class=\"elementor-element elementor-element-4168de6 elementor-position-inline-start elementor-widget-tablet__width-inherit elementor-view-default elementor-mobile-position-block-start elementor-widget elementor-widget-icon-box\" data-id=\"4168de6\" data-element_type=\"widget\" data-e-type=\"widget\" data-widget_type=\"icon-box.default\">\n\t\t\t\t<div class=\"elementor-widget-container\">\n\t\t\t\t\t\t\t<div class=\"elementor-icon-box-wrapper\">\n\n\t\t\t\t\t\t<div class=\"elementor-icon-box-icon\">\n\t\t\t\t<span  class=\"elementor-icon\">\n\t\t\t\t<i aria-hidden=\"true\" class=\"fas fa-phone-square\"><\/i>\t\t\t\t<\/span>\n\t\t\t<\/div>\n\t\t\t\n\t\t\t\t\t\t<div class=\"elementor-icon-box-content\">\n\n\t\t\t\t\t\t\t\t\t<h6 class=\"elementor-icon-box-title\">\n\t\t\t\t\t\t<span  >\n\t\t\t\t\t\t\tllamanos\t\t\t\t\t\t<\/span>\n\t\t\t\t\t<\/h6>\n\t\t\t\t\n\t\t\t\t\n\t\t\t<\/div>\n\t\t\t\n\t\t<\/div>\n\t\t\t\t\t\t<\/div>\n\t\t\t\t<\/div>\n\t\t\t\t<div class=\"elementor-element elementor-element-c6327fe elementor-widget elementor-widget-button\" data-id=\"c6327fe\" data-element_type=\"widget\" data-e-type=\"widget\" data-widget_type=\"button.default\">\n\t\t\t\t<div class=\"elementor-widget-container\">\n\t\t\t\t\t\t\t\t\t<div class=\"elementor-button-wrapper\">\n\t\t\t\t\t<a class=\"elementor-button elementor-button-link elementor-size-sm\" href=\"tel:817-835-6001\">\n\t\t\t\t\t\t<span class=\"elementor-button-content-wrapper\">\n\t\t\t\t\t\t\t\t\t<span class=\"elementor-button-text\">General Inquiries: +1 817-835-6001<\/span>\n\t\t\t\t\t<\/span>\n\t\t\t\t\t<\/a>\n\t\t\t\t<\/div>\n\t\t\t\t\t\t\t\t<\/div>\n\t\t\t\t<\/div>\n\t\t\t\t<div class=\"elementor-element elementor-element-097a7bb elementor-widget elementor-widget-button\" data-id=\"097a7bb\" data-element_type=\"widget\" data-e-type=\"widget\" data-widget_type=\"button.default\">\n\t\t\t\t<div class=\"elementor-widget-container\">\n\t\t\t\t\t\t\t\t\t<div class=\"elementor-button-wrapper\">\n\t\t\t\t\t<a class=\"elementor-button elementor-button-link elementor-size-sm\" href=\"tel:817-835-6003\">\n\t\t\t\t\t\t<span class=\"elementor-button-content-wrapper\">\n\t\t\t\t\t\t\t\t\t<span class=\"elementor-button-text\">Loan Request: +1 817-835-6003<\/span>\n\t\t\t\t\t<\/span>\n\t\t\t\t\t<\/a>\n\t\t\t\t<\/div>\n\t\t\t\t\t\t\t\t<\/div>\n\t\t\t\t<\/div>\n\t\t\t\t\t<\/div>\n\t\t<\/div>\n\t\t\t\t<div class=\"elementor-column elementor-col-50 elementor-top-column elementor-element elementor-element-2f64597\" data-id=\"2f64597\" data-element_type=\"column\" data-e-type=\"column\" data-settings=\"{&quot;background_background&quot;:&quot;classic&quot;}\">\n\t\t\t<div class=\"elementor-widget-wrap elementor-element-populated\">\n\t\t\t\t\t<div class=\"elementor-background-overlay\"><\/div>\n\t\t\t\t\t\t<div class=\"elementor-element elementor-element-55a25f7 elementor-widget-divider--view-line elementor-widget elementor-widget-divider\" data-id=\"55a25f7\" data-element_type=\"widget\" data-e-type=\"widget\" data-widget_type=\"divider.default\">\n\t\t\t\t<div class=\"elementor-widget-container\">\n\t\t\t\t\t\t\t<div class=\"elementor-divider\">\n\t\t\t<span class=\"elementor-divider-separator\">\n\t\t\t\t\t\t<\/span>\n\t\t<\/div>\n\t\t\t\t\t\t<\/div>\n\t\t\t\t<\/div>\n\t\t\t\t<div class=\"elementor-element elementor-element-277dc2b elementor-widget elementor-widget-html\" data-id=\"277dc2b\" data-element_type=\"widget\" data-e-type=\"widget\" data-widget_type=\"html.default\">\n\t\t\t\t<div class=\"elementor-widget-container\">\n\t\t\t\t\t<script charset=\"utf-8\" type=\"text\/javascript\" src=\"\/\/js.hsforms.net\/forms\/shell.js\"><\/script><script>hbspt.forms.create({\n\tportalId: \"5456966\",\n\tformId: \"a4b049f1-83da-431a-8605-ee5064abbebd\"\n});\n<\/script>\t\t\t\t<\/div>\n\t\t\t\t<\/div>\n\t\t\t\t\t<\/div>\n\t\t<\/div>\n\t\t\t\t\t<\/div>\n\t\t<\/section>\n\t\t\t\t<\/div>\n\t\t","protected":false},"excerpt":{"rendered":"<p>Tiene preguntas sobre ASAL&#8230; P\u00f3ngase en contacto con nosotros Nuestra direcci\u00f3n postal 900 McDuff Avenue, Suite 7, Grandview, TX 76050 P\u00f3ngase en contacto con Correo electr\u00f3nico: info@asalusa.com llamanos General Inquiries: +1 817-835-6001 Loan Request: +1 817-835-6003<\/p>\n","protected":false},"author":1,"featured_media":0,"parent":0,"menu_order":0,"comment_status":"closed","ping_status":"closed","template":"","meta":{"content-type":"","om_disable_all_campaigns":false,"site-sidebar-layout":"no-sidebar","site-content-layout":"","ast-site-content-layout":"full-width-container","site-content-style":"default","site-sidebar-style":"default","ast-global-header-display":"","ast-banner-title-visibility":"","ast-main-header-display":"","ast-hfb-above-header-display":"","ast-hfb-below-header-display":"","ast-hfb-mobile-header-display":"","site-post-title":"disabled","ast-breadcrumbs-content":"","ast-featured-img":"disabled","footer-sml-layout":"","ast-disable-related-posts":"","theme-transparent-header-meta":"","adv-header-id-meta":"","stick-header-meta":"","header-above-stick-meta":"","header-main-stick-meta":"","header-below-stick-meta":"","astra-migrate-meta-layouts":"default","ast-page-background-enabled":"default","ast-page-background-meta":{"desktop":{"background-color":"var(--ast-global-color-4)","background-image":"","background-repeat":"repeat","background-position":"center center","background-size":"auto","background-attachment":"scroll","background-type":"","background-media":"","overlay-type":"","overlay-color":"","overlay-opacity":"","overlay-gradient":""},"tablet":{"background-color":"","background-image":"","background-repeat":"repeat","background-position":"center center","background-size":"auto","background-attachment":"scroll","background-type":"","background-media":"","overlay-type":"","overlay-color":"","overlay-opacity":"","overlay-gradient":""},"mobile":{"background-color":"","background-image":"","background-repeat":"repeat","background-position":"center center","background-size":"auto","background-attachment":"scroll","background-type":"","background-media":"","overlay-type":"","overlay-color":"","overlay-opacity":"","overlay-gradient":""}},"ast-content-background-meta":{"desktop":{"background-color":"var(--ast-global-color-5)","background-image":"","background-repeat":"repeat","background-position":"center center","background-size":"auto","background-attachment":"scroll","background-type":"","background-media":"","overlay-type":"","overlay-color":"","overlay-opacity":"","overlay-gradient":""},"tablet":{"background-color":"var(--ast-global-color-5)","background-image":"","background-repeat":"repeat","background-position":"center center","background-size":"auto","background-attachment":"scroll","background-type":"","background-media":"","overlay-type":"","overlay-color":"","overlay-opacity":"","overlay-gradient":""},"mobile":{"background-color":"var(--ast-global-color-5)","background-image":"","background-repeat":"repeat","background-position":"center center","background-size":"auto","background-attachment":"scroll","background-type":"","background-media":"","overlay-type":"","overlay-color":"","overlay-opacity":"","overlay-gradient":""}},"footnotes":""},"class_list":["post-873","page","type-page","status-publish","hentry"],"aioseo_notices":[],"aioseo_head":"\n\t\t<!-- All in One SEO Pro 4.9.5.2 - aioseo.com -->\n\t<meta name=\"description\" content=\"Tiene preguntas sobre ASAL... P\u00f3ngase en contacto con nosotros Nuestra direcci\u00f3n postal 900 McDuff Avenue, Suite 7, Grandview, TX 76050 P\u00f3ngase en contacto con Correo electr\u00f3nico: info@asalusa.com llamanos General Inquiries: +1 817-835-6001 Loan Request: +1 817-835-6003\" \/>\n\t<meta name=\"robots\" content=\"max-image-preview:large\" \/>\n\t<link rel=\"canonical\" href=\"https:\/\/asalusa.com\/es\/contactenos\/\" \/>\n\t<meta name=\"generator\" content=\"All in One SEO Pro (AIOSEO) 4.9.5.2\" \/>\n\t\t<meta property=\"og:locale\" content=\"es_ES\" \/>\n\t\t<meta property=\"og:site_name\" content=\"ASAL -\" \/>\n\t\t<meta property=\"og:type\" content=\"article\" \/>\n\t\t<meta property=\"og:title\" content=\"Cont\u00e1ctenos - ASAL\" \/>\n\t\t<meta property=\"og:description\" content=\"Tiene preguntas sobre ASAL... P\u00f3ngase en contacto con nosotros Nuestra direcci\u00f3n postal 900 McDuff Avenue, Suite 7, Grandview, TX 76050 P\u00f3ngase en contacto con Correo electr\u00f3nico: info@asalusa.com llamanos General Inquiries: +1 817-835-6001 Loan Request: +1 817-835-6003\" \/>\n\t\t<meta property=\"og:url\" content=\"https:\/\/asalusa.com\/es\/contactenos\/\" \/>\n\t\t<meta property=\"og:image\" content=\"https:\/\/asalusa.com\/wp-content\/uploads\/2023\/10\/cropped-ASAL-300.png\" \/>\n\t\t<meta property=\"og:image:secure_url\" content=\"https:\/\/asalusa.com\/wp-content\/uploads\/2023\/10\/cropped-ASAL-300.png\" \/>\n\t\t<meta property=\"article:published_time\" content=\"2023-10-28T01:37:56+00:00\" \/>\n\t\t<meta property=\"article:modified_time\" content=\"2024-02-12T16:28:37+00:00\" \/>\n\t\t<meta name=\"twitter:card\" content=\"summary_large_image\" \/>\n\t\t<meta name=\"twitter:title\" content=\"Cont\u00e1ctenos - ASAL\" \/>\n\t\t<meta name=\"twitter:description\" content=\"Tiene preguntas sobre ASAL... P\u00f3ngase en contacto con nosotros Nuestra direcci\u00f3n postal 900 McDuff Avenue, Suite 7, Grandview, TX 76050 P\u00f3ngase en contacto con Correo electr\u00f3nico: info@asalusa.com llamanos General Inquiries: +1 817-835-6001 Loan Request: +1 817-835-6003\" \/>\n\t\t<meta name=\"twitter:image\" content=\"https:\/\/asalusa.com\/wp-content\/uploads\/2023\/10\/cropped-ASAL-300.png\" \/>\n\t\t<script type=\"application\/ld+json\" class=\"aioseo-schema\">\n\t\t\t{\"@context\":\"https:\\\/\\\/schema.org\",\"@graph\":[{\"@type\":\"BreadcrumbList\",\"@id\":\"https:\\\/\\\/asalusa.com\\\/es\\\/contactenos\\\/#breadcrumblist\",\"itemListElement\":[{\"@type\":\"ListItem\",\"@id\":\"https:\\\/\\\/asalusa.com\\\/es\\\/#listItem\",\"position\":1,\"name\":\"Home\",\"item\":\"https:\\\/\\\/asalusa.com\\\/es\\\/\",\"nextItem\":{\"@type\":\"ListItem\",\"@id\":\"https:\\\/\\\/asalusa.com\\\/es\\\/contactenos\\\/#listItem\",\"name\":\"Cont\\u00e1ctenos\"}},{\"@type\":\"ListItem\",\"@id\":\"https:\\\/\\\/asalusa.com\\\/es\\\/contactenos\\\/#listItem\",\"position\":2,\"name\":\"Cont\\u00e1ctenos\",\"previousItem\":{\"@type\":\"ListItem\",\"@id\":\"https:\\\/\\\/asalusa.com\\\/es\\\/#listItem\",\"name\":\"Home\"}}]},{\"@type\":\"Organization\",\"@id\":\"https:\\\/\\\/asalusa.com\\\/es\\\/#organization\",\"name\":\"ASAL\",\"url\":\"https:\\\/\\\/asalusa.com\\\/es\\\/\",\"logo\":{\"@type\":\"ImageObject\",\"url\":\"https:\\\/\\\/asalusa.com\\\/wp-content\\\/uploads\\\/2023\\\/10\\\/cropped-ASAL-300.png\",\"@id\":\"https:\\\/\\\/asalusa.com\\\/es\\\/contactenos\\\/#organizationLogo\",\"width\":350,\"height\":159},\"image\":{\"@id\":\"https:\\\/\\\/asalusa.com\\\/es\\\/contactenos\\\/#organizationLogo\"}},{\"@type\":\"WebPage\",\"@id\":\"https:\\\/\\\/asalusa.com\\\/es\\\/contactenos\\\/#webpage\",\"url\":\"https:\\\/\\\/asalusa.com\\\/es\\\/contactenos\\\/\",\"name\":\"Cont\\u00e1ctenos - ASAL\",\"description\":\"Tiene preguntas sobre ASAL... P\\u00f3ngase en contacto con nosotros Nuestra direcci\\u00f3n postal 900 McDuff Avenue, Suite 7, Grandview, TX 76050 P\\u00f3ngase en contacto con Correo electr\\u00f3nico: info@asalusa.com llamanos General Inquiries: +1 817-835-6001 Loan Request: +1 817-835-6003\",\"inLanguage\":\"es-ES\",\"isPartOf\":{\"@id\":\"https:\\\/\\\/asalusa.com\\\/es\\\/#website\"},\"breadcrumb\":{\"@id\":\"https:\\\/\\\/asalusa.com\\\/es\\\/contactenos\\\/#breadcrumblist\"},\"datePublished\":\"2023-10-28T01:37:56+00:00\",\"dateModified\":\"2024-02-12T16:28:37+00:00\"},{\"@type\":\"WebSite\",\"@id\":\"https:\\\/\\\/asalusa.com\\\/es\\\/#website\",\"url\":\"https:\\\/\\\/asalusa.com\\\/es\\\/\",\"name\":\"ASAL\",\"inLanguage\":\"es-ES\",\"publisher\":{\"@id\":\"https:\\\/\\\/asalusa.com\\\/es\\\/#organization\"}}]}\n\t\t<\/script>\n\t\t<!-- All in One SEO Pro -->\r\n\t\t<title>Cont\u00e1ctenos - ASAL<\/title>\n\n","aioseo_head_json":{"title":"Cont\u00e1ctenos - ASAL","description":"Tiene preguntas sobre ASAL... P\u00f3ngase en contacto con nosotros Nuestra direcci\u00f3n postal 900 McDuff Avenue, Suite 7, Grandview, TX 76050 P\u00f3ngase en contacto con Correo electr\u00f3nico: info@asalusa.com llamanos General Inquiries: +1 817-835-6001 Loan Request: +1 817-835-6003","canonical_url":"https:\/\/asalusa.com\/es\/contactenos\/","robots":"max-image-preview:large","keywords":"","webmasterTools":{"miscellaneous":""},"schema":{"@context":"https:\/\/schema.org","@graph":[{"@type":"BreadcrumbList","@id":"https:\/\/asalusa.com\/es\/contactenos\/#breadcrumblist","itemListElement":[{"@type":"ListItem","@id":"https:\/\/asalusa.com\/es\/#listItem","position":1,"name":"Home","item":"https:\/\/asalusa.com\/es\/","nextItem":{"@type":"ListItem","@id":"https:\/\/asalusa.com\/es\/contactenos\/#listItem","name":"Cont\u00e1ctenos"}},{"@type":"ListItem","@id":"https:\/\/asalusa.com\/es\/contactenos\/#listItem","position":2,"name":"Cont\u00e1ctenos","previousItem":{"@type":"ListItem","@id":"https:\/\/asalusa.com\/es\/#listItem","name":"Home"}}]},{"@type":"Organization","@id":"https:\/\/asalusa.com\/es\/#organization","name":"ASAL","url":"https:\/\/asalusa.com\/es\/","logo":{"@type":"ImageObject","url":"https:\/\/asalusa.com\/wp-content\/uploads\/2023\/10\/cropped-ASAL-300.png","@id":"https:\/\/asalusa.com\/es\/contactenos\/#organizationLogo","width":350,"height":159},"image":{"@id":"https:\/\/asalusa.com\/es\/contactenos\/#organizationLogo"}},{"@type":"WebPage","@id":"https:\/\/asalusa.com\/es\/contactenos\/#webpage","url":"https:\/\/asalusa.com\/es\/contactenos\/","name":"Cont\u00e1ctenos - ASAL","description":"Tiene preguntas sobre ASAL... P\u00f3ngase en contacto con nosotros Nuestra direcci\u00f3n postal 900 McDuff Avenue, Suite 7, Grandview, TX 76050 P\u00f3ngase en contacto con Correo electr\u00f3nico: info@asalusa.com llamanos General Inquiries: +1 817-835-6001 Loan Request: +1 817-835-6003","inLanguage":"es-ES","isPartOf":{"@id":"https:\/\/asalusa.com\/es\/#website"},"breadcrumb":{"@id":"https:\/\/asalusa.com\/es\/contactenos\/#breadcrumblist"},"datePublished":"2023-10-28T01:37:56+00:00","dateModified":"2024-02-12T16:28:37+00:00"},{"@type":"WebSite","@id":"https:\/\/asalusa.com\/es\/#website","url":"https:\/\/asalusa.com\/es\/","name":"ASAL","inLanguage":"es-ES","publisher":{"@id":"https:\/\/asalusa.com\/es\/#organization"}}]},"og:locale":"es_ES","og:site_name":"ASAL -","og:type":"article","og:title":"Cont\u00e1ctenos - ASAL","og:description":"Tiene preguntas sobre ASAL... P\u00f3ngase en contacto con nosotros Nuestra direcci\u00f3n postal 900 McDuff Avenue, Suite 7, Grandview, TX 76050 P\u00f3ngase en contacto con Correo electr\u00f3nico: info@asalusa.com llamanos General Inquiries: +1 817-835-6001 Loan Request: +1 817-835-6003","og:url":"https:\/\/asalusa.com\/es\/contactenos\/","og:image":"https:\/\/asalusa.com\/wp-content\/uploads\/2023\/10\/cropped-ASAL-300.png","og:image:secure_url":"https:\/\/asalusa.com\/wp-content\/uploads\/2023\/10\/cropped-ASAL-300.png","article:published_time":"2023-10-28T01:37:56+00:00","article:modified_time":"2024-02-12T16:28:37+00:00","twitter:card":"summary_large_image","twitter:title":"Cont\u00e1ctenos - ASAL","twitter:description":"Tiene preguntas sobre ASAL... P\u00f3ngase en contacto con nosotros Nuestra direcci\u00f3n postal 900 McDuff Avenue, Suite 7, Grandview, TX 76050 P\u00f3ngase en contacto con Correo electr\u00f3nico: info@asalusa.com llamanos General Inquiries: +1 817-835-6001 Loan Request: +1 817-835-6003","twitter:image":"https:\/\/asalusa.com\/wp-content\/uploads\/2023\/10\/cropped-ASAL-300.png"},"aioseo_meta_data":{"post_id":"873","title":null,"description":null,"keywords":null,"keyphrases":null,"primary_term":null,"canonical_url":null,"og_title":null,"og_description":null,"og_object_type":"default","og_image_type":"default","og_image_url":null,"og_image_width":null,"og_image_height":null,"og_image_custom_url":null,"og_image_custom_fields":null,"og_video":null,"og_custom_url":null,"og_article_section":null,"og_article_tags":null,"twitter_use_og":false,"twitter_card":"default","twitter_image_type":"default","twitter_image_url":null,"twitter_image_custom_url":null,"twitter_image_custom_fields":null,"twitter_title":null,"twitter_description":null,"schema":{"blockGraphs":[],"customGraphs":[],"default":{"data":{"Article":[],"Course":[],"Dataset":[],"FAQPage":[],"Movie":[],"Person":[],"Product":[],"ProductReview":[],"Car":[],"Recipe":[],"Service":[],"SoftwareApplication":[],"WebPage":[]},"graphName":"","isEnabled":true},"graphs":[]},"schema_type":"default","schema_type_options":null,"pillar_content":false,"robots_default":true,"robots_noindex":false,"robots_noarchive":false,"robots_nosnippet":false,"robots_nofollow":false,"robots_noimageindex":false,"robots_noodp":false,"robots_notranslate":false,"robots_max_snippet":null,"robots_max_videopreview":null,"robots_max_imagepreview":"large","priority":null,"frequency":null,"local_seo":null,"seo_analyzer_scan_date":"2025-08-15 14:16:10","breadcrumb_settings":null,"limit_modified_date":false,"reviewed_by":null,"open_ai":null,"ai":null,"created":"2024-06-26 15:49:40","updated":"2025-10-21 22:41:54"},"aioseo_breadcrumb":"<div class=\"aioseo-breadcrumbs\"><span class=\"aioseo-breadcrumb\">\n\t<a href=\"https:\/\/asalusa.com\/es\/\" title=\"Home\">Home<\/a>\n<\/span><span class=\"aioseo-breadcrumb-separator\">&raquo;<\/span><span class=\"aioseo-breadcrumb\">\n\tCont\u00e1ctenos\n<\/span><\/div>","aioseo_breadcrumb_json":[{"label":"Home","link":"https:\/\/asalusa.com\/es\/"},{"label":"Cont\u00e1ctenos","link":"https:\/\/asalusa.com\/es\/contactenos\/"}],"_links":{"self":[{"href":"https:\/\/asalusa.com\/es\/wp-json\/wp\/v2\/pages\/873","targetHints":{"allow":["GET"]}}],"collection":[{"href":"https:\/\/asalusa.com\/es\/wp-json\/wp\/v2\/pages"}],"about":[{"href":"https:\/\/asalusa.com\/es\/wp-json\/wp\/v2\/types\/page"}],"author":[{"embeddable":true,"href":"https:\/\/asalusa.com\/es\/wp-json\/wp\/v2\/users\/1"}],"replies":[{"embeddable":true,"href":"https:\/\/asalusa.com\/es\/wp-json\/wp\/v2\/comments?post=873"}],"version-history":[{"count":8,"href":"https:\/\/asalusa.com\/es\/wp-json\/wp\/v2\/pages\/873\/revisions"}],"predecessor-version":[{"id":1401,"href":"https:\/\/asalusa.com\/es\/wp-json\/wp\/v2\/pages\/873\/revisions\/1401"}],"wp:attachment":[{"href":"https:\/\/asalusa.com\/es\/wp-json\/wp\/v2\/media?parent=873"}],"curies":[{"name":"wp","href":"https:\/\/api.w.org\/{rel}","templated":true}]}}